{"id":11,"date":"2021-03-04T22:10:09","date_gmt":"2021-03-04T21:10:09","guid":{"rendered":"http:\/\/hp-bm-wolfurt.azurewebsites.net\/?page_id=11"},"modified":"2025-09-07T20:39:01","modified_gmt":"2025-09-07T18:39:01","slug":"bauernkapelle","status":"publish","type":"page","link":"https:\/\/bmwolfurt.at\/?page_id=11","title":{"rendered":"Bauernkapelle"},"content":{"rendered":"\n<figure class=\"wp-block-image size-large is-style-default\"><img loading=\"lazy\" decoding=\"async\" width=\"1024\" height=\"576\" class=\"wp-image-1014 aligncenter\" src=\"\/wp-content\/uploads\/2023\/02\/20220619_192727-1024x576.jpg\" alt=\"\" srcset=\"\/wp-content\/uploads\/2023\/02\/20220619_192727-1024x576.jpg 1024w, \/wp-content\/uploads\/2023\/02\/20220619_192727-300x169.jpg 300w, \/wp-content\/uploads\/2023\/02\/20220619_192727-768x432.jpg 768w, \/wp-content\/uploads\/2023\/02\/20220619_192727-1536x864.jpg 1536w, \/wp-content\/uploads\/2023\/02\/20220619_192727-2048x1152.jpg 2048w\" sizes=\"auto, (max-width: 1024px) 100vw, 1024px\" \/>\n<figcaption class=\"wp-element-caption\">Die Bauernkapelle der B\u00fcrgermusik Wolfurt<\/figcaption>\n<\/figure>\n\n\n\n<p>Wir, die Bauernkapelle der B\u00fcrgermusik Wolfurt, verw\u00f6hnen Sie mit Blasmusik vom Feinsten:&nbsp;sei es&nbsp;traditionelle \u00f6sterreichische Marschmusik, b\u00f6hmisch-m\u00e4hrische Unterhaltungsmusik&nbsp;oder gar moderne Popmusik. <\/p>\n\n\n\n<p>Jedes Jahr erarbeiten 18 Musikanten und Musikantinnen unter Kapellmeister Dietmar W\u00fcstner ein neues Unterhaltungsprogramm&nbsp;mit grandiosen Solistendarbietungen und Unterhaltung f\u00fcr jeden Besucher. <\/p>\n\n\n\n<p>Bei zahlreichen Auftritten auf Fr\u00fch- und D\u00e4mmerschoppen, auf Zeltfesten und bei privaten Festen liegt uns die Pflege dieser besonderen Musikrichtung sehr am Herzen. <\/p>\n\n\n\n<p>Wenn sie ihr Fest mit toller Blasmusik bereichern wollen kontaktieren Sie bitte per&nbsp;E-mail oder telefonisch unter der Nummer 0664\/8503113&nbsp;unseren organisatorischen Leiter&nbsp;<a href=\"mailto:markus.wilpernig@bmwolfurt.at\">Markus Wilpernig<\/a>. <\/p>\n\n\n\n<p>Wir freuen uns Sie bei einer der n\u00e4chsten Veranstaltungen begr\u00fc\u00dfen zu d\u00fcrfen. <\/p>\n\n\n\n<p><strong>Kommende Termine der Bauernkapelle Wolfurt:<\/strong><\/p>\n\n\n\n<iframe id=\"km-list-frame\" style=\"display:block;box-sizing:border-box;width:100%;max-width:640px;margin:0 auto;border:solid 1px #bbb;\" src=\"https:\/\/rest.konzertmeister.app\/api\/v3\/org\/OALS_b98df9d9-7bd0-4881-9c2c-ff013e6fb106\/upcomingappointments?types=2&#038;showDescription=false&#038;onlyPublicsite=false&#038;limit=16&#038;display=light&#038;lang=de&#038;hash=1499a906b3b774c7bb7e0bd0694e22f923c4bbac37503f7a9f59f2611173c92e\"><\/iframe><script>window.addEventListener('message', function(event) { var frame = document.getElementById('km-list-frame'); if (event && event.data && event.data['kmAppointmentListHeight'] && typeof event.data['kmAppointmentListHeight'] === 'number' && frame) { var borderWidth = isNaN(frame.style.borderWidth.replace('px', '')) ? 0 : parseInt(frame.style.borderWidth.replace('px', ''), 10);document.getElementById('km-list-frame').style.height = event.data['kmAppointmentListHeight'] + 2 * borderWidth + 'px';}});<\/script>\n\n\n\n<p><br><div class=\"em-view-container\" id=\"em-view-2089655487\" data-view=\"list-grouped\">\r\n\t<div class=\"em-list em-events-list em-events-list-grouped\" id=\"em-events-list-grouped-2089655487\">\r\n\t\t<\/div>\r\n<\/div><\/p>\n","protected":false},"excerpt":{"rendered":"<p>Die Bauernkapelle der B\u00fcrgermusik Wolfurt Wir, die Bauernkapelle der B\u00fcrgermusik Wolfurt, verw\u00f6hnen Sie mit Blasmusik vom Feinsten:&nbsp;sei es&nbsp;traditionelle \u00f6sterreichische Marschmusik, b\u00f6hmisch-m\u00e4hrische Unterhaltungsmusik&nbsp;oder gar moderne Popmusik. Jedes Jahr erarbeiten 18 Musikanten <a class=\"more-link\" href=\"https:\/\/bmwolfurt.at\/?page_id=11\">Continue Reading &rarr;<\/a><\/p>\n","protected":false},"author":1,"featured_media":0,"parent":0,"menu_order":0,"comment_status":"closed","ping_status":"closed","template":"","meta":{"footnotes":""},"class_list":["post-11","page","type-page","status-publish","hentry"],"_links":{"self":[{"href":"https:\/\/bmwolfurt.at\/index.php?rest_route=\/wp\/v2\/pages\/11","targetHints":{"allow":["GET"]}}],"collection":[{"href":"https:\/\/bmwolfurt.at\/index.php?rest_route=\/wp\/v2\/pages"}],"about":[{"href":"https:\/\/bmwolfurt.at\/index.php?rest_route=\/wp\/v2\/types\/page"}],"author":[{"embeddable":true,"href":"https:\/\/bmwolfurt.at\/index.php?rest_route=\/wp\/v2\/users\/1"}],"replies":[{"embeddable":true,"href":"https:\/\/bmwolfurt.at\/index.php?rest_route=%2Fwp%2Fv2%2Fcomments&post=11"}],"version-history":[{"count":28,"href":"https:\/\/bmwolfurt.at\/index.php?rest_route=\/wp\/v2\/pages\/11\/revisions"}],"predecessor-version":[{"id":1610,"href":"https:\/\/bmwolfurt.at\/index.php?rest_route=\/wp\/v2\/pages\/11\/revisions\/1610"}],"wp:attachment":[{"href":"https:\/\/bmwolfurt.at\/index.php?rest_route=%2Fwp%2Fv2%2Fmedia&parent=11"}],"curies":[{"name":"wp","href":"https:\/\/api.w.org\/{rel}","templated":true}]}}