{"id":12,"date":"2021-03-04T22:10:10","date_gmt":"2021-03-04T21:10:10","guid":{"rendered":"http:\/\/hp-bm-wolfurt.azurewebsites.net\/?page_id=12"},"modified":"2024-03-05T21:30:47","modified_gmt":"2024-03-05T20:30:47","slug":"jugendkapelle","status":"publish","type":"page","link":"https:\/\/bmwolfurt.at\/?page_id=12","title":{"rendered":"Jugendkapelle"},"content":{"rendered":"\n<p><strong>Du bist gerne mit Freunden zusammen und magst viel Spa\u00df und Action?<\/strong><br>Dann komm zur Jugendkapelle Wolfurt und erlebe mit uns gemeinsam das Abenteuer Musik!<\/p>\n\n\n\n<p>Wir, die Jugendkapelle Wolfurt, sind eine bunt gemischte Gruppe von Musikanten und Musikantinnen. Wir treffen uns jeden Montag von 18:30 bis 20:00 Uhr im Probelokal der B\u00fcrgermusik Wolfurt (Keller CUBUS) um gemeinsam zu musizieren.<\/p>\n\n\n\n<p>Schon nach einem Jahr Musikschule kannst du mit der Querfl\u00f6te, Oboe, Klarinette, Saxophon, Trompete, Fl\u00fcgelhorn, Waldhorn, Tenorhorn, Posaune, Tuba und nat\u00fcrlich dem Schlagzeug bei uns mitspielen.<\/p>\n\n\n\n<p><strong>Immer wieder etwas Neues l\u00e4sst sich unsere Kapellmeisterin Katharina Thullner einfallen.<\/strong>&nbsp;<br>So spielen wir nicht nur coole St\u00fccke, sondern marschieren, klatschen, tanzen und singen zwischendurch auch.<br>Also Langeweile gibt es bei uns nicht!<br>Ganz besondere Highlights sind neben musikalischen Auftritten auch unsere Ausfl\u00fcge wie zum Beispiel unsere Werkwoche auf einer H\u00fctte in den Sommerferien, Bowling, etc.<\/p>\n\n\n\n<p>Wenn Du Lust hast bei uns mitzuspielen, dann melde dich bei unserer Jugendreferentin <strong><a href=\"mailto:anna.maetzler@bmwolfurt.at\">Anna M\u00e4tzler<\/a><\/strong>\u00a0oder komme einfach bei einer unserer Proben vorbei.<\/p>\n\n\n\n<p>Wir freuen uns auf dich!<\/p>\n","protected":false},"excerpt":{"rendered":"<p>Du bist gerne mit Freunden zusammen und magst viel Spa\u00df und Action?Dann komm zur Jugendkapelle Wolfurt und erlebe mit uns gemeinsam das Abenteuer Musik! Wir, die Jugendkapelle Wolfurt, sind eine <a class=\"more-link\" href=\"https:\/\/bmwolfurt.at\/?page_id=12\">Continue Reading &rarr;<\/a><\/p>\n","protected":false},"author":1,"featured_media":0,"parent":0,"menu_order":0,"comment_status":"closed","ping_status":"closed","template":"","meta":{"footnotes":""},"class_list":["post-12","page","type-page","status-publish","hentry"],"_links":{"self":[{"href":"https:\/\/bmwolfurt.at\/index.php?rest_route=\/wp\/v2\/pages\/12","targetHints":{"allow":["GET"]}}],"collection":[{"href":"https:\/\/bmwolfurt.at\/index.php?rest_route=\/wp\/v2\/pages"}],"about":[{"href":"https:\/\/bmwolfurt.at\/index.php?rest_route=\/wp\/v2\/types\/page"}],"author":[{"embeddable":true,"href":"https:\/\/bmwolfurt.at\/index.php?rest_route=\/wp\/v2\/users\/1"}],"replies":[{"embeddable":true,"href":"https:\/\/bmwolfurt.at\/index.php?rest_route=%2Fwp%2Fv2%2Fcomments&post=12"}],"version-history":[{"count":8,"href":"https:\/\/bmwolfurt.at\/index.php?rest_route=\/wp\/v2\/pages\/12\/revisions"}],"predecessor-version":[{"id":1344,"href":"https:\/\/bmwolfurt.at\/index.php?rest_route=\/wp\/v2\/pages\/12\/revisions\/1344"}],"wp:attachment":[{"href":"https:\/\/bmwolfurt.at\/index.php?rest_route=%2Fwp%2Fv2%2Fmedia&parent=12"}],"curies":[{"name":"wp","href":"https:\/\/api.w.org\/{rel}","templated":true}]}}