{"id":15,"date":"2021-03-04T22:10:10","date_gmt":"2021-03-04T21:10:10","guid":{"rendered":"http:\/\/hp-bm-wolfurt.azurewebsites.net\/?page_id=15"},"modified":"2021-09-09T20:58:27","modified_gmt":"2021-09-09T18:58:27","slug":"burgermusik","status":"publish","type":"page","link":"https:\/\/bmwolfurt.at\/?page_id=15","title":{"rendered":"B\u00fcrgermusik"},"content":{"rendered":"\n<p>Als einer der \u00e4ltesten Blasmusikvereine Vorarlbergs versuchen wir 60 MusikantInnen in unserem Verein Tradition und Innovation zu verbinden.<\/p>\n\n\n\n<figure class=\"wp-block-image size-large\"><img loading=\"lazy\" decoding=\"async\" width=\"980\" height=\"300\" src=\"\/wp-content\/uploads\/2021\/03\/buergermusik_wolfurt__0001_DSC_0264.jpg\" alt=\"\" class=\"wp-image-62\" srcset=\"\/wp-content\/uploads\/2021\/03\/buergermusik_wolfurt__0001_DSC_0264.jpg 980w, \/wp-content\/uploads\/2021\/03\/buergermusik_wolfurt__0001_DSC_0264-300x92.jpg 300w, \/wp-content\/uploads\/2021\/03\/buergermusik_wolfurt__0001_DSC_0264-768x235.jpg 768w\" sizes=\"auto, (max-width: 980px) 100vw, 980px\" \/><\/figure>\n\n\n\n<p>Unter Kapellmeister Michael Sch\u00f6pf erarbeiten wir auf unseren Proben das Fr\u00fchjahrskonzert mit dem Schwerpunkt moderne Blasmusik. Weitere Highlights f\u00fcr uns MusikantInnen sind das j\u00e4hrliche Kinderkonzert, das Unterhaltungsprogramm f\u00fcr Musikfeste im In- und Ausland, Veranstaltungen in der Wolfurter Dorfgemeinschaft und Marschmusik in Bewegung.<\/p>\n\n\n\n<figure class=\"wp-block-image size-large\"><img loading=\"lazy\" decoding=\"async\" width=\"980\" height=\"300\" src=\"\/wp-content\/uploads\/2021\/03\/buergermusik_wolfurt__0007_DSC_0270-1.jpg\" alt=\"\" class=\"wp-image-65\" srcset=\"\/wp-content\/uploads\/2021\/03\/buergermusik_wolfurt__0007_DSC_0270-1.jpg 980w, \/wp-content\/uploads\/2021\/03\/buergermusik_wolfurt__0007_DSC_0270-1-300x92.jpg 300w, \/wp-content\/uploads\/2021\/03\/buergermusik_wolfurt__0007_DSC_0270-1-768x235.jpg 768w\" sizes=\"auto, (max-width: 980px) 100vw, 980px\" \/><\/figure>\n\n\n\n<p>Als Herausforderung f\u00fcr die Zukunft m\u00f6chten wir vor allem blasmusikinteressierte&nbsp;<a href=\"http:\/\/bmwolfurt.at\/jugendkapelle\/\">Sch\u00fclerInnen und Jugendliche<\/a>&nbsp;gewinnen, f\u00f6rdern und f\u00fcr unser Hobby begeistern \u2013 um so gemeinsame musikalische Produktionen von Alt und Jung, aber auch gesellige Freizeitaktivit\u00e4ten zu erm\u00f6glichen.<\/p>\n","protected":false},"excerpt":{"rendered":"<p>Als einer der \u00e4ltesten Blasmusikvereine Vorarlbergs versuchen wir 60 MusikantInnen in unserem Verein Tradition und Innovation zu verbinden. Unter Kapellmeister Michael Sch\u00f6pf erarbeiten wir auf unseren Proben das Fr\u00fchjahrskonzert mit <a class=\"more-link\" href=\"https:\/\/bmwolfurt.at\/?page_id=15\">Continue Reading &rarr;<\/a><\/p>\n","protected":false},"author":1,"featured_media":0,"parent":0,"menu_order":0,"comment_status":"closed","ping_status":"closed","template":"","meta":{"footnotes":""},"class_list":["post-15","page","type-page","status-publish","hentry"],"_links":{"self":[{"href":"https:\/\/bmwolfurt.at\/index.php?rest_route=\/wp\/v2\/pages\/15","targetHints":{"allow":["GET"]}}],"collection":[{"href":"https:\/\/bmwolfurt.at\/index.php?rest_route=\/wp\/v2\/pages"}],"about":[{"href":"https:\/\/bmwolfurt.at\/index.php?rest_route=\/wp\/v2\/types\/page"}],"author":[{"embeddable":true,"href":"https:\/\/bmwolfurt.at\/index.php?rest_route=\/wp\/v2\/users\/1"}],"replies":[{"embeddable":true,"href":"https:\/\/bmwolfurt.at\/index.php?rest_route=%2Fwp%2Fv2%2Fcomments&post=15"}],"version-history":[{"count":4,"href":"https:\/\/bmwolfurt.at\/index.php?rest_route=\/wp\/v2\/pages\/15\/revisions"}],"predecessor-version":[{"id":191,"href":"https:\/\/bmwolfurt.at\/index.php?rest_route=\/wp\/v2\/pages\/15\/revisions\/191"}],"wp:attachment":[{"href":"https:\/\/bmwolfurt.at\/index.php?rest_route=%2Fwp%2Fv2%2Fmedia&parent=15"}],"curies":[{"name":"wp","href":"https:\/\/api.w.org\/{rel}","templated":true}]}}