{"id":18,"date":"2021-03-04T22:10:11","date_gmt":"2021-03-04T21:10:11","guid":{"rendered":"http:\/\/hp-bm-wolfurt.azurewebsites.net\/?page_id=18"},"modified":"2022-02-15T19:23:12","modified_gmt":"2022-02-15T18:23:12","slug":"chronik","status":"publish","type":"page","link":"https:\/\/bmwolfurt.at\/?page_id=18","title":{"rendered":"Chronik"},"content":{"rendered":"\n<p><br>1816\u00a0\u00a0\u00a0 Begr\u00fcndung einer\u00a0<strong>\u201eMusikgesellschaft\u201c<\/strong>: erster Kapellmeister\u00a0<em>Josef Anton Rohner<br><br><\/em>1841\u00a0\u00a0\u00a0\u00a0<em>Johann Martin Schertler<\/em>\u00a0\u00fcbernimmt die musikalische Leitung\u00a0 der\u00a0<br>\u00a0\u00a0\u00a0\u00a0\u00a0\u00a0\u00a0\u00a0\u00a0\u00a0\u00a0&#8222;Musikgesellschaft&#8220;<br><br>1851\u00a0\u00a0\u00a0 der Musikinstrumentenmacher Johann Martin Schwerzler gr\u00fcndet eine\u00a0<strong>\u201eNeue<br>\u00a0\u00a0\u00a0\u00a0\u00a0\u00a0\u00a0\u00a0\u00a0\u00a0\u00a0 Musik\u201c<\/strong>\u00a0\u2013 eine\u00a0<strong>Blechmusik<\/strong><br><br>1855\u00a0\u00a0\u00a0\u00a0<em>Josef Anton Schwerzler<\/em>\u00a0Sohn von Johann Martin Schwerzler wird neuer<br>\u00a0\u00a0\u00a0\u00a0\u00a0\u00a0\u00a0\u00a0\u00a0\u00a0\u00a0 Kapellmeister<br><br>1859\u00a0\u00a0\u00a0 Aufl\u00f6sung der \u201eMusikgesellschaft\u201c\/ \u00dcbertritt in die \u201eNeue Musik\u201c<br><br>1870\u00a0\u00a0\u00a0\u00a0<em>Anton Heim<\/em>\u00a0gr\u00fcndet eine \u201eT\u00fcrkische Musik\u201c, die bis zu seiner Abdankung den<br>\u00a0\u00a0\u00a0\u00a0\u00a0\u00a0\u00a0\u00a0\u00a0\u00a0\u00a0 Namen\u00a0<strong>\u201eHeim\u00b4sche T\u00fcrkische Musik\u201c<\/strong>\u00a0trug<br><br>1874\u00a0\u00a0\u00a0 f\u00fcr ein Jahr l\u00f6st\u00a0<em>Anton K\u00f6b<\/em>\u00a0den Kapellmeister Johann Anton Schwerzler ab<br><br>1877\u00a0\u00a0\u00a0 Anton Heim dankt ab und der Verein l\u00f6st sich wieder auf<br><br>1885\u00a0\u00a0\u00a0 der Organist und Kirchenchorregent\u00a0<em>Fidel Kirchberger<\/em>\u00a0l\u00f6st Johann Anton<br>\u00a0\u00a0\u00a0\u00a0\u00a0\u00a0\u00a0\u00a0\u00a0\u00a0\u00a0 Schwerzler als Kapellmeister ab. Unter seiner Leitung wird die \u201eNeue Musik\u201c in<br>\u00a0\u00a0\u00a0\u00a0\u00a0\u00a0\u00a0\u00a0\u00a0\u00a0\u00a0 eine \u201eT\u00fcrkische Musik\u201c umgebildet<br><br>1887\u00a0\u00a0\u00a0\u00a0<em>Josef Schwerzler<\/em>\u00a0\u00fcbernimmt die Leitung, gibt dem Verein\u00a0<strong>Statuten\u00a0<\/strong>und den Namen<br>\u00a0\u00a0\u00a0\u00a0\u00a0\u00a0\u00a0\u00a0\u00a0\u00a0\u00a0\u00a0<strong>\u201eMusikverein Wolfurt\u201c<\/strong><br><br>1893\u00a0\u00a0\u00a0 Josef Schertler tritt aus dem \u201eMusikverein Wolfurt\u201c aus und gr\u00fcndet einen neuen<br>\u00a0\u00a0\u00a0\u00a0\u00a0\u00a0\u00a0\u00a0\u00a0\u00a0\u00a0 Musikverein, die\u00a0<strong>\u201eHarmoniemusik Wolfurt\u201c<br><br><\/strong>1898\u00a0\u00a0\u00a0\u00a0<em>Josef Heim<\/em>\u00a0\u00fcbernimmt f\u00fcr 2 Jahre die Leitung<br><br>1900\u00a0\u00a0\u00a0 Josef Anton Rohner wird wieder Kapellmeister<br><br>1901\u00a0\u00a0\u00a0 Fidel Kirchberger gelingt die\u00a0<strong>Vereinigung\u00a0<\/strong>der \u201eHarmoniemusik Wolfurt&#8220; und des<br>\u00a0\u00a0\u00a0\u00a0\u00a0\u00a0\u00a0\u00a0\u00a0\u00a0\u00a0 \u201eMusikvereins Wolfurt\u201c \/ Franz Rohner sen. \u00fcbernimmt die musikalische Leitung<br><br>1956\u00a0\u00a0\u00a0 Franz Rohner sen. \u00fcbergibt seinem Sohn<em>\u00a0Franz Rohner jun.<\/em>\u00a0die Leitung<br><br>1958\u00a0\u00a0\u00a0\u00a0<em>Alfred Bichlmair<\/em>\u00a0\u00fcbernimmt den Taktstock<br><br>1970\u00a0\u00a0\u00a0\u00a0<em>Werner Schr\u00f6pel\u00a0<\/em>wird neuer Kapellmeister<br><br>1971\u00a0\u00a0\u00a0 erstmals:\u00a0<strong>Silvesterblasen\u00a0<\/strong>in Gruppen im gesamten Wolfurter Gemeindegebiet<br><br>1972\u00a0\u00a0\u00a0 Anschaffung der heute noch verwendeten\u00a0<strong>Tracht<\/strong><br><br>1976\u00a0\u00a0\u00a0 Weihe der ersten\u00a0<strong>Fahne\u00a0<\/strong>der B\u00fcrgermusik Wolfurt<br>\u00a0\u00a0\u00a0\u00a0\u00a0\u00a0\u00a0\u00a0\u00a0\u00a0\u00a0\u00a0\u00a0\u00a0\u00a0\u00a0\u00a0\u00a0\u00a0\u00a0\u00a0\u00a0\u00a0\u00a0\u00a0\u00a0\u00a0\u00a0 F\u00e4hnrich:\u00a0<em>Karl W\u00fcstner<\/em><br>\u00a0\u00a0\u00a0\u00a0\u00a0\u00a0\u00a0\u00a0\u00a0\u00a0\u00a0\u00a0\u00a0\u00a0\u00a0\u00a0\u00a0\u00a0\u00a0\u00a0\u00a0\u00a0\u00a0\u00a0\u00a0\u00a0\u00a0\u00a0 Fahnengota:\u00a0<em>Elisabeth Hinteregger \u2013 Mohr<\/em><br>\u00a0\u00a0\u00a0\u00a0\u00a0\u00a0\u00a0\u00a0\u00a0\u00a0\u00a0\u00a0\u00a0\u00a0\u00a0\u00a0\u00a0\u00a0\u00a0\u00a0\u00a0\u00a0\u00a0\u00a0\u00a0\u00a0\u00a0\u00a0 Fahnenspender:\u00a0<em>Alfons Hinteregger<\/em>\u00a0(Musikhaus Hinteregger)<br><br>1978\u00a0\u00a0\u00a0 Gr\u00fcndung der\u00a0<strong>Jugendkapelle\u00a0<\/strong>\/ Gr\u00fcnder:<br>\u00a0\u00a0\u00a0\u00a0\u00a0\u00a0\u00a0\u00a0\u00a0\u00a0\u00a0\u00a0\u00a0\u00a0\u00a0\u00a0\u00a0\u00a0\u00a0\u00a0\u00a0\u00a0\u00a0\u00a0\u00a0\u00a0\u00a0\u00a0 Kapellmeister:\u00a0<em>Werner Schr\u00f6pel<\/em><br>\u00a0\u00a0\u00a0\u00a0\u00a0\u00a0\u00a0\u00a0\u00a0\u00a0\u00a0\u00a0\u00a0\u00a0\u00a0\u00a0\u00a0\u00a0\u00a0\u00a0\u00a0\u00a0\u00a0\u00a0\u00a0\u00a0\u00a0\u00a0 Obmann:\u00a0<em>Hans Gasser<br><br><\/em>1986\u00a0\u00a0\u00a0 Anschaffung einer\u00a0<strong>Uniformen\u00a0<\/strong>f\u00fcr die Jugendkapelle<br><br>1991\u00a0\u00a0\u00a0 175 \u2013 Jahre B\u00fcrgermusik Wolfurt mit\u00a0<strong>Bezirksmusikfest\u00a0<\/strong>und gro\u00dfer\u00a0\u00a0\u00a0\u00a0\u00a0\u00a0\u00a0\u00a0\u00a0\u00a0\u00a0\u00a0\u00a0\u00a0\u00a0\u00a0\u00a0\u00a0\u00a0\u00a0<strong><br>\u00a0\u00a0\u00a0\u00a0\u00a0\u00a0\u00a0\u00a0\u00a0\u00a0\u00a0 Fotoausstellung\u00a0<\/strong>zur Vereinsgeschichte<br><br>1998\u00a0\u00a0\u00a0 Cubus &#8211; Er\u00f6ffnung:\u00a0<strong>neues Probelokal<\/strong>\u00a0im Kellergeschoss des cubus<br><br>2001\u00a0\u00a0\u00a0 Bezirksmusikfest: 185 Jahre B\u00fcrgermusik Wolfurt<br><br>2006\u00a0\u00a0\u00a0 Musikfest: 190 Jahre B\u00fcrgermusik Wolfurt<br><br>2006\u00a0\u00a0\u00a0\u00a0<strong>\u00c4nderung der Statuten<\/strong><br><br>2010\u00a0\u00a0\u00a0 erstes\u00a0<strong>Musik \u2013 Dorf \u2013 Fest<\/strong>\u00a0im Schulhof der Mittelschule Wolfurt<br><br>2012\u00a0\u00a0\u00a0 letzter Musikball<\/p>\n\n\n\n<p>2013&nbsp; &nbsp;&nbsp;<strong>Gr\u00fcndung der Fl\u00f6he<\/strong>&nbsp;durch Kapellmeister Thomas Haas<\/p>\n\n\n\n<p>2014&nbsp; &nbsp; Fr\u00fchjahrskonzert Feuer-Klang: Teilnahme an den Landeswertungsspielen<br>&nbsp; &nbsp; &nbsp; &nbsp; &nbsp; &nbsp;in der neuen&nbsp;Kategorie &#8222;Musikvermittlung&#8220;<\/p>\n\n\n\n<p>2015&nbsp; &nbsp;&nbsp;<strong>Bianca Fetz<\/strong>&nbsp;wird die&nbsp;<strong>erste Obfrau<\/strong>&nbsp;der B\u00fcrgermusik Wolfurt<\/p>\n\n\n\n<p>2016\u00a0 \u00a0 <strong>200 Jahre B\u00fcrgermusik Wolfurt<\/strong>, Bezirksmusikfest mit Hofsteigertreffen<br><strong>\u00a0 \u00a0 \u00a0 \u00a0 \u00a0 \u00a0 Weihe\u00a0<\/strong>der neuen<strong>\u00a0Vereinsfahne\u00a0<\/strong>der B\u00fcrgermusik\u00a0 \u00a0 \u00a0 \u00a0 \u00a0 \u00a0 \u00a0 \u00a0 \u00a0 \u00a0 \u00a0 \u00a0 \u00a0 \u00a0 \u00a0\u00a0<br>                              <strong>F\u00e4hnrich:<\/strong>\u00a0Markus Wilpernig<br>\u00a0 \u00a0 \u00a0 \u00a0 \u00a0 \u00a0 \u00a0 \u00a0 \u00a0 \u00a0 \u00a0 \u00a0 \u00a0 \u00a0 \u00a0\u00a0<strong>Fahnengota:<\/strong>\u00a0Daniela Schedler<br>\u00a0 \u00a0 \u00a0 \u00a0 \u00a0 \u00a0 \u00a0 \u00a0 \u00a0 \u00a0 \u00a0 \u00a0 \u00a0 \u00a0 \u00a0\u00a0<strong>Fahnenspender:<\/strong>\u00a0Paul Hinteregger (Musikhaus Hinteregger)<\/p>\n\n\n\n<p>2020   \u00c4nderung der Statuen: Verl\u00e4ngerung der Funktionsperiode der Vorstandsmitglieder und andere Anpassungen<\/p>\n\n\n\n<p>2020   Die Corona-Pandemie zwingt dazu die Vereinsaktivit\u00e4ten \u00fcber Monate nahezu auf Null herunterzufahren. Auftritte und<br>           Veranstaltungen entfallen oder m\u00fcssen kurzfristig abgesagt werden.            <\/p>\n\n\n\n<p><\/p>\n","protected":false},"excerpt":{"rendered":"<p>1816\u00a0\u00a0\u00a0 Begr\u00fcndung einer\u00a0\u201eMusikgesellschaft\u201c: erster Kapellmeister\u00a0Josef Anton Rohner 1841\u00a0\u00a0\u00a0\u00a0Johann Martin Schertler\u00a0\u00fcbernimmt die musikalische Leitung\u00a0 der\u00a0\u00a0\u00a0\u00a0\u00a0\u00a0\u00a0\u00a0\u00a0\u00a0\u00a0\u00a0&#8222;Musikgesellschaft&#8220; 1851\u00a0\u00a0\u00a0 der Musikinstrumentenmacher Johann Martin Schwerzler gr\u00fcndet eine\u00a0\u201eNeue\u00a0\u00a0\u00a0\u00a0\u00a0\u00a0\u00a0\u00a0\u00a0\u00a0\u00a0 Musik\u201c\u00a0\u2013 eine\u00a0Blechmusik 1855\u00a0\u00a0\u00a0\u00a0Josef Anton Schwerzler\u00a0Sohn von Johann Martin <a class=\"more-link\" href=\"https:\/\/bmwolfurt.at\/?page_id=18\">Continue Reading &rarr;<\/a><\/p>\n","protected":false},"author":1,"featured_media":0,"parent":0,"menu_order":0,"comment_status":"closed","ping_status":"closed","template":"","meta":{"footnotes":""},"class_list":["post-18","page","type-page","status-publish","hentry"],"_links":{"self":[{"href":"https:\/\/bmwolfurt.at\/index.php?rest_route=\/wp\/v2\/pages\/18","targetHints":{"allow":["GET"]}}],"collection":[{"href":"https:\/\/bmwolfurt.at\/index.php?rest_route=\/wp\/v2\/pages"}],"about":[{"href":"https:\/\/bmwolfurt.at\/index.php?rest_route=\/wp\/v2\/types\/page"}],"author":[{"embeddable":true,"href":"https:\/\/bmwolfurt.at\/index.php?rest_route=\/wp\/v2\/users\/1"}],"replies":[{"embeddable":true,"href":"https:\/\/bmwolfurt.at\/index.php?rest_route=%2Fwp%2Fv2%2Fcomments&post=18"}],"version-history":[{"count":6,"href":"https:\/\/bmwolfurt.at\/index.php?rest_route=\/wp\/v2\/pages\/18\/revisions"}],"predecessor-version":[{"id":559,"href":"https:\/\/bmwolfurt.at\/index.php?rest_route=\/wp\/v2\/pages\/18\/revisions\/559"}],"wp:attachment":[{"href":"https:\/\/bmwolfurt.at\/index.php?rest_route=%2Fwp%2Fv2%2Fmedia&parent=18"}],"curies":[{"name":"wp","href":"https:\/\/api.w.org\/{rel}","templated":true}]}}